{"id":10169,"date":"2024-10-22T23:56:32","date_gmt":"2024-10-22T23:56:32","guid":{"rendered":"https:\/\/gustavoliver.io\/esthefan\/?page_id=10169"},"modified":"2024-10-23T00:01:04","modified_gmt":"2024-10-23T00:01:04","slug":"aviso-legal","status":"publish","type":"page","link":"https:\/\/gustavoliver.io\/esthefan\/aviso-legal\/","title":{"rendered":"Aviso Legal"},"content":{"rendered":"\t\t<div data-elementor-type=\"wp-page\" data-elementor-id=\"10169\" class=\"elementor elementor-10169\">\n\t\t\t\t<div class=\"has_eae_slider elementor-element elementor-element-019c4e5 e-flex e-con-boxed kitify-col-width-auto-no ignore-docs-style-no kitify-disable-relative-no wpr-particle-no wpr-jarallax-no wpr-parallax-no wpr-sticky-section-no e-root-container elementor-top-section e-con e-parent\" data-id=\"019c4e5\" data-element_type=\"container\">\n\t\t\t\t\t<div class=\"e-con-inner\">\n\t\t\t\t<div class=\"elementor-element elementor-element-56deedd elementor-widget elementor-widget-spacer\" data-id=\"56deedd\" data-element_type=\"widget\" data-widget_type=\"spacer.default\">\n\t\t\t\t<div class=\"elementor-widget-container\">\n\t\t\t\t\t<div class=\"elementor-spacer\">\n\t\t\t<div class=\"elementor-spacer-inner\"><\/div>\n\t\t<\/div>\n\t\t\t\t<\/div>\n\t\t\t\t<\/div>\n\t\t\t\t<div class=\"elementor-element elementor-element-ecef237 elementor-widget elementor-widget-heading\" data-id=\"ecef237\" data-element_type=\"widget\" data-widget_type=\"heading.default\">\n\t\t\t\t<div class=\"elementor-widget-container\">\n\t\t\t<h2 class=\"elementor-heading-title elementor-size-default\">Aviso Legal<\/h2>\t\t<\/div>\n\t\t\t\t<\/div>\n\t\t\t\t<div class=\"elementor-element elementor-element-d0ae84d elementor-widget elementor-widget-spacer\" data-id=\"d0ae84d\" data-element_type=\"widget\" data-widget_type=\"spacer.default\">\n\t\t\t\t<div class=\"elementor-widget-container\">\n\t\t\t\t\t<div class=\"elementor-spacer\">\n\t\t\t<div class=\"elementor-spacer-inner\"><\/div>\n\t\t<\/div>\n\t\t\t\t<\/div>\n\t\t\t\t<\/div>\n\t\t\t\t<div class=\"elementor-element elementor-element-75bcb89 elementor-widget elementor-widget-text-editor\" data-id=\"75bcb89\" data-element_type=\"widget\" data-widget_type=\"text-editor.default\">\n\t\t\t\t<div class=\"elementor-widget-container\">\n\t\t\t\t\t\t\t<h3>1. Informaci\u00f3n General<\/h3><p>En cumplimiento con la legislaci\u00f3n vigente, se pone a disposici\u00f3n de los usuarios la siguiente informaci\u00f3n:<\/p><p><strong>Titular del sitio web:<\/strong> Esthefan<br \/><strong>Domicilio:<\/strong> C. \u00c1ngel Ganivet, 15, Centro, 18002 Granada, Espa\u00f1a<br \/><strong>Correo electr\u00f3nico:<\/strong> info@tienda-esthefan.com<br \/><strong>Tel\u00e9fono:<\/strong> 958 210 433<br \/><strong>N\u00famero de identificaci\u00f3n fiscal:<\/strong>\u00a0[NIF\/CIF]<br \/><strong>Registro mercantil:<\/strong>\u00a0[Datos del registro mercantil, si aplica]<\/p><p>\u00a0<\/p><h3>2. Condiciones de Uso<\/h3><p>El acceso y uso de este sitio web est\u00e1 sujeto a las siguientes condiciones de uso. Al utilizar este sitio web, aceptas cumplir con estas condiciones. Si no est\u00e1s de acuerdo con ellas, te recomendamos no utilizar nuestro sitio web.<\/p><p>\u00a0<\/p><h3>3. Propiedad Intelectual<\/h3><p>Todo el contenido de este sitio web, incluyendo textos, gr\u00e1ficos, im\u00e1genes, logotipos, iconos, software, y cualquier otro material, est\u00e1 protegido por derechos de autor y otros derechos de propiedad intelectual. Estos contenidos son propiedad exclusiva de Esthefan o de sus licenciantes. Queda prohibida su reproducci\u00f3n, distribuci\u00f3n, modificaci\u00f3n, o cualquier otro uso no autorizado expresamente por el titular de los derechos.<\/p><p>\u00a0<\/p><h3>4. Limitaci\u00f3n de Responsabilidad<\/h3><p><strong>a. Contenidos:<\/strong> Los contenidos de este sitio web son de car\u00e1cter general y tienen una finalidad meramente informativa. Esthefan no garantiza la exactitud, integridad o actualidad de los contenidos. En ning\u00fan caso seremos responsables de cualquier da\u00f1o directo o indirecto que pueda derivarse del acceso o uso de la informaci\u00f3n contenida en este sitio web.<\/p><p><strong>b. Enlaces Externos:<\/strong> Este sitio web puede contener enlaces a otros sitios web gestionados por terceros. Esthefan no se hace responsable del contenido ni de la disponibilidad de estos sitios externos, ni asume ninguna responsabilidad por cualquier da\u00f1o o p\u00e9rdida que pueda derivarse del uso de dichos sitios.<\/p><p><strong>c. Disponibilidad del Servicio:<\/strong> Esthefan no garantiza la disponibilidad y continuidad del funcionamiento del sitio web. En la medida en que sea posible, se advertir\u00e1 con antelaci\u00f3n de cualquier interrupci\u00f3n en el funcionamiento del sitio web.<\/p><p>\u00a0<\/p><h3>5. Obligaciones del Usuario<\/h3><p>El usuario se compromete a utilizar el sitio web de manera l\u00edcita y a no realizar ninguna acci\u00f3n que pueda da\u00f1ar la imagen, los intereses o los derechos de Esthefan o de terceros. El usuario deber\u00e1 abstenerse de realizar cualquier acci\u00f3n que sobrecargue, da\u00f1e o inutilice el sitio web, o que impida, de cualquier forma, su normal utilizaci\u00f3n.<\/p><p>\u00a0<\/p><h3>6. Protecci\u00f3n de Datos Personales<\/h3><p>Cualquier dato personal proporcionado a trav\u00e9s de este sitio web ser\u00e1 tratado conforme a nuestra <strong><a href=\"https:\/\/gustavoliver.io\/esthefan\/politica-de-privacidad\/\">Pol\u00edtica de Privacidad<\/a><\/strong>. Te recomendamos leerla detenidamente para entender c\u00f3mo recopilamos, utilizamos y protegemos tu informaci\u00f3n personal.<\/p><p>\u00a0<\/p><h3>7. Modificaciones del Aviso Legal<\/h3><p>Esthefan se reserva el derecho de modificar este Aviso Legal en cualquier momento. Cualquier modificaci\u00f3n ser\u00e1 publicada en esta p\u00e1gina y entrar\u00e1 en vigor desde el momento de su publicaci\u00f3n. Te recomendamos revisar peri\u00f3dicamente este Aviso Legal para estar informado sobre las condiciones que rigen el uso de este sitio web.<\/p><p>\u00a0<\/p><h3>8. Legislaci\u00f3n Aplicable y Jurisdicci\u00f3n<\/h3><p>Este Aviso Legal se rige por la legislaci\u00f3n vigente en Espa\u00f1a. Para cualquier controversia que pudiera derivarse del acceso o uso de este sitio web, el usuario y Esthefan acuerdan someterse expresamente a los juzgados y tribunales de Granada, renunciando a cualquier otro fuero que pudiera corresponderles.<\/p><p>\u00a0<\/p><h3>9. Contacto<\/h3><p>Si tienes alguna pregunta o inquietud sobre este Aviso Legal, por favor cont\u00e1ctanos a:<\/p><p>Esthefan<br \/>C. \u00c1ngel Ganivet, 15, Centro, 18002 Granada, Espa\u00f1a<br \/>info@tienda-esthefan.com<br \/>958 210 433<\/p>\t\t\t\t\t\t<\/div>\n\t\t\t\t<\/div>\n\t\t\t\t<div class=\"elementor-element elementor-element-29221b1 elementor-widget elementor-widget-spacer\" data-id=\"29221b1\" data-element_type=\"widget\" data-widget_type=\"spacer.default\">\n\t\t\t\t<div class=\"elementor-widget-container\">\n\t\t\t\t\t<div class=\"elementor-spacer\">\n\t\t\t<div class=\"elementor-spacer-inner\"><\/div>\n\t\t<\/div>\n\t\t\t\t<\/div>\n\t\t\t\t<\/div>\n\t\t\t\t\t<\/div>\n\t\t\t\t<\/div>\n\t\t\t\t<\/div>\n\t\t","protected":false},"excerpt":{"rendered":"<p>Aviso Legal 1. Informaci\u00f3n General En cumplimiento con la legislaci\u00f3n vigente, se pone a disposici\u00f3n de los usuarios la siguiente informaci\u00f3n: Titular del sitio web: EsthefanDomicilio: C. \u00c1ngel Ganivet, 15, Centro, 18002 Granada, Espa\u00f1aCorreo electr\u00f3nico: info@tienda-esthefan.comTel\u00e9fono: 958 210 433N\u00famero de identificaci\u00f3n fiscal:\u00a0[NIF\/CIF]Registro mercantil:\u00a0[Datos del registro mercantil, si aplica] \u00a0 2. Condiciones de Uso El acceso y uso de este sitio\u2026<\/p>\n","protected":false},"author":1,"featured_media":0,"parent":0,"menu_order":0,"comment_status":"closed","ping_status":"closed","template":"","meta":{"footnotes":""},"class_list":["post-10169","page","type-page","status-publish","hentry"],"_links":{"self":[{"href":"https:\/\/gustavoliver.io\/esthefan\/wp-json\/wp\/v2\/pages\/10169"}],"collection":[{"href":"https:\/\/gustavoliver.io\/esthefan\/wp-json\/wp\/v2\/pages"}],"about":[{"href":"https:\/\/gustavoliver.io\/esthefan\/wp-json\/wp\/v2\/types\/page"}],"author":[{"embeddable":true,"href":"https:\/\/gustavoliver.io\/esthefan\/wp-json\/wp\/v2\/users\/1"}],"replies":[{"embeddable":true,"href":"https:\/\/gustavoliver.io\/esthefan\/wp-json\/wp\/v2\/comments?post=10169"}],"version-history":[{"count":7,"href":"https:\/\/gustavoliver.io\/esthefan\/wp-json\/wp\/v2\/pages\/10169\/revisions"}],"predecessor-version":[{"id":10177,"href":"https:\/\/gustavoliver.io\/esthefan\/wp-json\/wp\/v2\/pages\/10169\/revisions\/10177"}],"wp:attachment":[{"href":"https:\/\/gustavoliver.io\/esthefan\/wp-json\/wp\/v2\/media?parent=10169"}],"curies":[{"name":"wp","href":"https:\/\/api.w.org\/{rel}","templated":true}]}}