{"id":10184,"date":"2024-10-23T00:03:28","date_gmt":"2024-10-23T00:03:28","guid":{"rendered":"https:\/\/gustavoliver.io\/esthefan\/?page_id=10184"},"modified":"2024-10-23T00:05:21","modified_gmt":"2024-10-23T00:05:21","slug":"accesibilidad","status":"publish","type":"page","link":"https:\/\/gustavoliver.io\/esthefan\/accesibilidad\/","title":{"rendered":"Accesibilidad"},"content":{"rendered":"\t\t<div data-elementor-type=\"wp-page\" data-elementor-id=\"10184\" class=\"elementor elementor-10184\">\n\t\t\t\t<div class=\"has_eae_slider elementor-element elementor-element-bc1fae2 e-flex e-con-boxed kitify-col-width-auto-no ignore-docs-style-no kitify-disable-relative-no wpr-particle-no wpr-jarallax-no wpr-parallax-no wpr-sticky-section-no e-root-container elementor-top-section e-con e-parent\" data-id=\"bc1fae2\" data-element_type=\"container\">\n\t\t\t\t\t<div class=\"e-con-inner\">\n\t\t\t\t<div class=\"elementor-element elementor-element-0869ea8 elementor-widget elementor-widget-spacer\" data-id=\"0869ea8\" data-element_type=\"widget\" data-widget_type=\"spacer.default\">\n\t\t\t\t<div class=\"elementor-widget-container\">\n\t\t\t\t\t<div class=\"elementor-spacer\">\n\t\t\t<div class=\"elementor-spacer-inner\"><\/div>\n\t\t<\/div>\n\t\t\t\t<\/div>\n\t\t\t\t<\/div>\n\t\t\t\t<div class=\"elementor-element elementor-element-2080492 elementor-widget elementor-widget-heading\" data-id=\"2080492\" data-element_type=\"widget\" data-widget_type=\"heading.default\">\n\t\t\t\t<div class=\"elementor-widget-container\">\n\t\t\t<h2 class=\"elementor-heading-title elementor-size-default\">Accesibilidad<\/h2>\t\t<\/div>\n\t\t\t\t<\/div>\n\t\t\t\t<div class=\"elementor-element elementor-element-8fe7b54 elementor-widget elementor-widget-spacer\" data-id=\"8fe7b54\" data-element_type=\"widget\" data-widget_type=\"spacer.default\">\n\t\t\t\t<div class=\"elementor-widget-container\">\n\t\t\t\t\t<div class=\"elementor-spacer\">\n\t\t\t<div class=\"elementor-spacer-inner\"><\/div>\n\t\t<\/div>\n\t\t\t\t<\/div>\n\t\t\t\t<\/div>\n\t\t\t\t<div class=\"elementor-element elementor-element-6f4af58 elementor-widget elementor-widget-text-editor\" data-id=\"6f4af58\" data-element_type=\"widget\" data-widget_type=\"text-editor.default\">\n\t\t\t\t<div class=\"elementor-widget-container\">\n\t\t\t\t\t\t\t<p>Esta es una declaraci\u00f3n de accesibilidad de Esthefan. Estado de conformidad<strong>\u00a0<a href=\"https:\/\/www.w3.org\/WAI\/standards-guidelines\/wcag\/\">Las Pautas de Accesibilidad para el Contenido Web (WCAG)<\/a><\/strong> definen los requisitos para que los dise\u00f1adores y desarrolladores mejoren la accesibilidad para las personas con discapacidades. Define tres niveles de conformidad: Nivel A, Nivel AA y Nivel AAA. Esthefan cumple parcialmente con WCAG 2.1 nivel AA. Parcialmente conforme significa que algunas partes del contenido no se ajustan completamente al est\u00e1ndar de accesibilidad. Comentario Agradecemos sus comentarios sobre la accesibilidad de Esthefan.\u00a0 H\u00e1ganos saber si encuentra barreras de accesibilidad en Esthefan.<\/p><pre class=\"wp-block-code\"><code> Correo electr\u00f3nico: info@tienda-esthefan.com<\/code><\/pre><p>Tratamos de responder a los comentarios dentro de 2 d\u00edas. Esta declaraci\u00f3n se cre\u00f3 el 22 de octubre de 2024 utilizando la Herramienta generadora de declaraciones de accesibilidad del W3C.<\/p>\t\t\t\t\t\t<\/div>\n\t\t\t\t<\/div>\n\t\t\t\t<div class=\"elementor-element elementor-element-ee72521 elementor-widget elementor-widget-spacer\" data-id=\"ee72521\" data-element_type=\"widget\" data-widget_type=\"spacer.default\">\n\t\t\t\t<div class=\"elementor-widget-container\">\n\t\t\t\t\t<div class=\"elementor-spacer\">\n\t\t\t<div class=\"elementor-spacer-inner\"><\/div>\n\t\t<\/div>\n\t\t\t\t<\/div>\n\t\t\t\t<\/div>\n\t\t\t\t\t<\/div>\n\t\t\t\t<\/div>\n\t\t\t\t<\/div>\n\t\t","protected":false},"excerpt":{"rendered":"<p>Accesibilidad Esta es una declaraci\u00f3n de accesibilidad de Esthefan. Estado de conformidad\u00a0Las Pautas de Accesibilidad para el Contenido Web (WCAG) definen los requisitos para que los dise\u00f1adores y desarrolladores mejoren la accesibilidad para las personas con discapacidades. Define tres niveles de conformidad: Nivel A, Nivel AA y Nivel AAA. Esthefan cumple parcialmente con WCAG 2.1 nivel AA. Parcialmente conforme significa\u2026<\/p>\n","protected":false},"author":1,"featured_media":0,"parent":0,"menu_order":0,"comment_status":"closed","ping_status":"closed","template":"","meta":{"footnotes":""},"class_list":["post-10184","page","type-page","status-publish","hentry"],"_links":{"self":[{"href":"https:\/\/gustavoliver.io\/esthefan\/wp-json\/wp\/v2\/pages\/10184"}],"collection":[{"href":"https:\/\/gustavoliver.io\/esthefan\/wp-json\/wp\/v2\/pages"}],"about":[{"href":"https:\/\/gustavoliver.io\/esthefan\/wp-json\/wp\/v2\/types\/page"}],"author":[{"embeddable":true,"href":"https:\/\/gustavoliver.io\/esthefan\/wp-json\/wp\/v2\/users\/1"}],"replies":[{"embeddable":true,"href":"https:\/\/gustavoliver.io\/esthefan\/wp-json\/wp\/v2\/comments?post=10184"}],"version-history":[{"count":4,"href":"https:\/\/gustavoliver.io\/esthefan\/wp-json\/wp\/v2\/pages\/10184\/revisions"}],"predecessor-version":[{"id":10189,"href":"https:\/\/gustavoliver.io\/esthefan\/wp-json\/wp\/v2\/pages\/10184\/revisions\/10189"}],"wp:attachment":[{"href":"https:\/\/gustavoliver.io\/esthefan\/wp-json\/wp\/v2\/media?parent=10184"}],"curies":[{"name":"wp","href":"https:\/\/api.w.org\/{rel}","templated":true}]}}