{"id":9420,"date":"2024-10-18T17:41:06","date_gmt":"2024-10-18T17:41:06","guid":{"rendered":"https:\/\/gustavoliver.io\/esthefan\/producto\/sandra\/"},"modified":"2024-10-18T17:41:11","modified_gmt":"2024-10-18T17:41:11","slug":"sandra","status":"publish","type":"product","link":"https:\/\/gustavoliver.io\/esthefan\/producto\/sandra\/","title":{"rendered":"SANDRA"},"content":{"rendered":"","protected":false},"excerpt":{"rendered":"<p><\/p>\n<style type=\"text\/css\">\n<p>.tftable {font-size:12px;color:#333333;width:100%;border-width: 1px;border-color: #a9a9a9;border-collapse: collapse;}<br \/>.tftable th {font-size:12px;background-color:#b8b8b8;border-width: 1px;padding: 8px;border-style: solid;border-color: #a9a9a9;text-align:left;}<br \/>.tftable tr {background-color:#ffffff;}<br \/>.tftable td {font-size:12px;border-width: 1px;padding: 8px;border-style: solid;border-color: #a9a9a9;}<br \/>.tftable tr:hover {background-color:#ffff99;}<br \/><\/style>\n<table class=\"tftable\" border=\"1\">\n<tbody>\n<tr>\n<th>TALLAS<\/th>\n<th>BUSTO<\/th>\n<th>CINTURA<\/th>\n<th>CADERA<\/th>\n<\/tr>\n<tr>\n<td style=\"text-align: center;\">38<\/td>\n<td style=\"text-align: center;\">88<\/td>\n<td style=\"text-align: center;\">68<\/td>\n<td style=\"text-align: center;\">95<\/td>\n<\/tr>\n<tr>\n<td style=\"text-align: center;\">40<\/td>\n<td style=\"text-align: center;\">92<\/td>\n<td style=\"text-align: center;\">72<\/td>\n<td style=\"text-align: center;\">99<\/td>\n<\/tr>\n<tr>\n<td style=\"text-align: center;\">42<\/td>\n<td style=\"text-align: center;\">96<\/td>\n<td style=\"text-align: center;\">76<\/td>\n<td style=\"text-align: center;\">103<\/td>\n<\/tr>\n<tr>\n<td style=\"text-align: center;\">44<\/td>\n<td style=\"text-align: center;\">100<\/td>\n<td style=\"text-align: center;\">81<\/td>\n<td style=\"text-align: center;\">107<\/td>\n<\/tr>\n<tr>\n<td style=\"text-align: center;\">46<\/td>\n<td style=\"text-align: center;\">104<\/td>\n<td style=\"text-align: center;\">86<\/td>\n<td style=\"text-align: center;\">110<\/td>\n<\/tr>\n<tr>\n<td style=\"text-align: center;\">48<\/td>\n<td style=\"text-align: center;\">108<\/td>\n<td style=\"text-align: center;\">91<\/td>\n<td style=\"text-align: center;\">115<\/td>\n<\/tr>\n<tr>\n<td style=\"text-align: center;\">50<\/td>\n<td style=\"text-align: center;\">112<\/td>\n<td style=\"text-align: center;\">96<\/td>\n<td style=\"text-align: center;\">119<\/td>\n<\/tr>\n<tr>\n<td style=\"text-align: center;\">52<\/td>\n<td style=\"text-align: center;\">116<\/td>\n<td style=\"text-align: center;\">101<\/td>\n<td style=\"text-align: center;\">123<\/td>\n<\/tr>\n<tr>\n<td style=\"text-align: center;\">54<\/td>\n<td style=\"text-align: center;\">120<\/td>\n<td style=\"text-align: center;\">106<\/td>\n<td style=\"text-align: center;\">127<\/td>\n<\/tr>\n<tr>\n<td style=\"text-align: center;\">56<\/td>\n<td style=\"text-align: center;\">124<\/td>\n<td style=\"text-align: center;\">111<\/td>\n<td style=\"text-align: center;\">130<\/td>\n<\/tr>\n<tr>\n<td style=\"text-align: center;\">58<\/td>\n<td style=\"text-align: center;\">128<\/td>\n<td style=\"text-align: center;\">116<\/td>\n<td style=\"text-align: center;\">134<\/td>\n<\/tr>\n<tr>\n<td style=\"text-align: center;\">60<\/td>\n<td style=\"text-align: center;\">132<\/td>\n<td style=\"text-align: center;\">121<\/td>\n<td style=\"text-align: center;\">138<\/td>\n<\/tr>\n<tr>\n<td style=\"text-align: center;\">62<\/td>\n<td style=\"text-align: center;\">136<\/td>\n<td style=\"text-align: center;\">126<\/td>\n<td style=\"text-align: center;\">142<\/td>\n<\/tr>\n<tr>\n<td style=\"text-align: center;\">64<\/td>\n<td style=\"text-align: center;\">140<\/td>\n<td style=\"text-align: center;\">131<\/td>\n<td style=\"text-align: center;\">146<\/td>\n<\/tr>\n<tr>\n<td style=\"text-align: center;\">66<\/td>\n<td style=\"text-align: center;\">144<\/td>\n<td style=\"text-align: center;\">136<\/td>\n<td style=\"text-align: center;\">150<\/td>\n<\/tr>\n<tr>\n<td style=\"text-align: center;\">68<\/td>\n<td style=\"text-align: center;\">148<\/td>\n<td style=\"text-align: center;\">141<\/td>\n<td style=\"text-align: center;\">154<\/td>\n<\/tr>\n<\/tbody>\n<\/table>\n<p><small>* PEDIDOS POR TALLAS: Sugerimos que al pedir un vestido en una talla determinada, compruebe las medidas de los tres contornos.<\/p>\n<p>* Los vestidos pedidos a partir de la talla 56 inclusive, llevan un 20% de recargo.<\/p>\n<p>* Las tallas 62, 64, 66 y 68 as\u00ed como modificaci\u00f3n de patr\u00f3n se incrementan un 10%<\/small><\/p>\n","protected":false},"featured_media":9419,"comment_status":"open","ping_status":"closed","template":"","meta":[],"product_cat":[70,75],"product_tag":[],"class_list":{"0":"post-9420","1":"product","2":"type-product","3":"status-publish","4":"has-post-thumbnail","6":"product_cat-raffaello","7":"product_cat-raffaello-nueva-coleccion","9":"first","10":"instock","11":"shipping-taxable","12":"product-type-simple","13":"add-to-wishlist-after_add_to_cart"},"_links":{"self":[{"href":"https:\/\/gustavoliver.io\/esthefan\/wp-json\/wp\/v2\/product\/9420"}],"collection":[{"href":"https:\/\/gustavoliver.io\/esthefan\/wp-json\/wp\/v2\/product"}],"about":[{"href":"https:\/\/gustavoliver.io\/esthefan\/wp-json\/wp\/v2\/types\/product"}],"replies":[{"embeddable":true,"href":"https:\/\/gustavoliver.io\/esthefan\/wp-json\/wp\/v2\/comments?post=9420"}],"wp:featuredmedia":[{"embeddable":true,"href":"https:\/\/gustavoliver.io\/esthefan\/wp-json\/wp\/v2\/media\/9419"}],"wp:attachment":[{"href":"https:\/\/gustavoliver.io\/esthefan\/wp-json\/wp\/v2\/media?parent=9420"}],"wp:term":[{"taxonomy":"product_cat","embeddable":true,"href":"https:\/\/gustavoliver.io\/esthefan\/wp-json\/wp\/v2\/product_cat?post=9420"},{"taxonomy":"product_tag","embeddable":true,"href":"https:\/\/gustavoliver.io\/esthefan\/wp-json\/wp\/v2\/product_tag?post=9420"}],"curies":[{"name":"wp","href":"https:\/\/api.w.org\/{rel}","templated":true}]}}